{"id":2038,"date":"2023-06-26T04:56:37","date_gmt":"2023-06-26T04:56:37","guid":{"rendered":"https:\/\/www.ladessalinienne.fr\/?page_id=2038"},"modified":"2023-10-30T09:45:35","modified_gmt":"2023-10-30T09:45:35","slug":"connexion","status":"publish","type":"page","link":"https:\/\/www.ladessalinienne.fr\/nl\/connexion\/","title":{"rendered":"Connexion"},"content":{"rendered":"<div>\n<p>L&#8217;espace privatif est r\u00e9serv\u00e9 \u00e0 nos locataires. Il donne acc\u00e8s \u00e0 l&#8217;int\u00e9gralit\u00e9 du catalogue de traces v\u00e9lo et randonn\u00e9e.\u00a0 Si nous vous avons transmis des donn\u00e9es de connexion, merci de compl\u00e9ter le formulaire ci-dessous.<\/p>\n<div id=\"wpmem_login\"><a id=\"login\"><\/a><form action=\"https:\/\/www.ladessalinienne.fr\/nl\/connexion\/\" method=\"POST\" id=\"wpmem_login_form\" class=\"form\"><input type=\"hidden\" id=\"_wpmem_login_nonce\" name=\"_wpmem_login_nonce\" value=\"6a8295af50\" \/><input type=\"hidden\" name=\"_wp_http_referer\" value=\"\/nl\/wp-json\/wp\/v2\/pages\/2038\" \/><fieldset><legend>Existing Users Log In<\/legend><label for=\"log\">Username or Email<\/label><div class=\"div_text\"><input name=\"log\" type=\"text\" id=\"log\" value=\"\" class=\"username\" required  \/><\/div><label for=\"pwd\">Password<\/label><div class=\"div_text\"><input name=\"pwd\" type=\"password\" id=\"pwd\" class=\"password\" required  \/><\/div><input type=\"hidden\" name=\"lang\" value=\"nl\"\/><input name=\"a\" type=\"hidden\" value=\"login\" \/><input name=\"redirect_to\" type=\"hidden\" value=\"http:\/\/www.ladessalinienne.fr\/catalogue\" \/><div class=\"button_div\"><input name=\"rememberme\" type=\"checkbox\" id=\"rememberme\" value=\"forever\" \/>&nbsp;<label for=\"rememberme\">Remember Me<\/label>&nbsp;&nbsp;<input type=\"submit\" name=\"Submit\" value=\"Log In\" class=\"buttons\" \/><\/div><\/fieldset><\/form><\/div>\n<\/div>\n<p><!--more--><br \/>\n<!-- {\"type\":\"layout\",\"children\":[{\"type\":\"section\",\"props\":{\"image_position\":\"center-center\",\"style\":\"muted\",\"title_breakpoint\":\"xl\",\"title_position\":\"top-left\",\"title_rotation\":\"left\",\"vertical_align\":\"middle\",\"width\":\"default\"},\"children\":[{\"type\":\"row\",\"children\":[{\"type\":\"column\",\"props\":{\"image_position\":\"center-center\",\"position_sticky_breakpoint\":\"m\"},\"children\":[{\"type\":\"text\",\"props\":{\"column_breakpoint\":\"m\",\"content\":\"\n\n<p>L'espace privatif est r\\u00e9serv\\u00e9 \\u00e0 nos locataires. Il donne acc\\u00e8s \\u00e0 l'int\\u00e9gralit\\u00e9 du catalogue de traces v\\u00e9lo et randonn\\u00e9e.\\u00a0 Si nous vous avons transmis des donn\\u00e9es de connexion, merci de compl\\u00e9ter le formulaire ci-dessous.<\\\/p>\\n\n\n<p>[wpmem_form login redirect_to=\\\"http:\\\/\\\/www.ladessalinienne.fr\\\/catalogue\\\"]<\\\/p>\",\"content_en_gb\":\"\n\n<p>The private area is reserved for our tenants. It provides access to the entire catalogue of cycle paths and hiking trails. If we have sent you information about connections, please fill in the form below.<\\\/p>\n\n<p>[wpmem_form login redirect_to=\\\"http:\\\/\\\/www.ladessalinienne.fr\\\/en\\\/catalogue\\\"]<\\\/p>\",\"content_nl_be\":\"\n\n<p>Het priv\\u00e9gedeelte is gereserveerd voor onze huurders. Het biedt toegang tot de hele catalogus van fiets- en wandelpaden. Als we je informatie over verbindingen hebben gestuurd, vul dan onderstaand formulier in.<\\\/p>\n\n<p>[wpmem_form login redirect_to=\\\"http:\\\/\\\/www.ladessalinienne.fr\\\/nl\\\/catalogue\\\"]<\\\/p>\",\"margin\":\"default\"}}]}]}],\"name\":\"Connexion formulaire\"}],\"version\":\"4.1.5\"} --><\/p>\n","protected":false},"excerpt":{"rendered":"<p>L&#8217;espace privatif est r\u00e9serv\u00e9 \u00e0 nos locataires. Il donne acc\u00e8s \u00e0 l&#8217;int\u00e9gralit\u00e9 du catalogue de traces v\u00e9lo et randonn\u00e9e.\u00a0 Si nous vous avons transmis des donn\u00e9es de connexion, merci de compl\u00e9ter le formulaire ci-dessous. Existing Users Log InUsername or EmailPassword&nbsp;Remember Me&nbsp;&nbsp;<\/p>\n","protected":false},"author":1,"featured_media":0,"parent":0,"menu_order":0,"comment_status":"closed","ping_status":"closed","template":"","meta":{"_acf_changed":false,"footnotes":""},"class_list":["post-2038","page","type-page","status-publish","hentry"],"acf":[],"yoast_head":"<!-- This site is optimized with the Yoast SEO plugin v26.9 - https:\/\/yoast.com\/product\/yoast-seo-wordpress\/ -->\n<title>Connexion<\/title>\n<meta name=\"description\" content=\"L&#039;espace privatif est r\u00e9serv\u00e9 \u00e0 nos locataires. Il donne acc\u00e8s \u00e0 l&#039;int\u00e9gralit\u00e9 du catalogue de traces v\u00e9lo et randonn\u00e9e.\u00a0 Si nous vous avons transmis des donn\u00e9es de connexion, merci de compl\u00e9ter le formulaire ci-dessous. [wpmem_form login redirect_to=&quot;http:\/\/www.ladessalinienne.fr\/catalogue&quot;]\" \/>\n<meta name=\"robots\" content=\"index, follow, max-snippet:-1, max-image-preview:large, max-video-preview:-1\" \/>\n<link rel=\"canonical\" href=\"\" \/>\n<meta property=\"og:locale\" content=\"nl_BE\" \/>\n<meta property=\"og:type\" content=\"article\" \/>\n<meta property=\"og:title\" content=\"Connexion\" \/>\n<meta property=\"og:description\" content=\"L&#039;espace privatif est r\u00e9serv\u00e9 \u00e0 nos locataires. Il donne acc\u00e8s \u00e0 l&#039;int\u00e9gralit\u00e9 du catalogue de traces v\u00e9lo et randonn\u00e9e.\u00a0 Si nous vous avons transmis des donn\u00e9es de connexion, merci de compl\u00e9ter le formulaire ci-dessous. [wpmem_form login redirect_to=&quot;http:\/\/www.ladessalinienne.fr\/catalogue&quot;]\" \/>\n<meta property=\"og:url\" content=\"https:\/\/www.ladessalinienne.fr\/nl\/connexion\/\" \/>\n<meta property=\"og:site_name\" content=\"La Dessalinienne\" \/>\n<meta property=\"article:publisher\" content=\"https:\/\/www.facebook.com\/La.Dessalinienne.83340\/\" \/>\n<meta property=\"article:modified_time\" content=\"2023-10-30T09:45:35+00:00\" \/>\n<meta name=\"twitter:card\" content=\"summary_large_image\" \/>\n<script type=\"application\/ld+json\" class=\"yoast-schema-graph\">{\"@context\":\"https:\/\/schema.org\",\"@graph\":[{\"@type\":\"WebPage\",\"@id\":\"https:\/\/www.ladessalinienne.fr\/nl\/connexion\/\",\"url\":\"https:\/\/www.ladessalinienne.fr\/nl\/connexion\/\",\"name\":\"Connexion - La Dessalinienne\",\"isPartOf\":{\"@id\":\"https:\/\/www.ladessalinienne.fr\/#website\"},\"datePublished\":\"2023-06-26T04:56:37+00:00\",\"dateModified\":\"2023-10-30T09:45:35+00:00\",\"breadcrumb\":{\"@id\":\"https:\/\/www.ladessalinienne.fr\/nl\/connexion\/#breadcrumb\"},\"inLanguage\":\"nl-BE\",\"potentialAction\":[{\"@type\":\"ReadAction\",\"target\":[\"https:\/\/www.ladessalinienne.fr\/nl\/connexion\/\"]}]},{\"@type\":\"BreadcrumbList\",\"@id\":\"https:\/\/www.ladessalinienne.fr\/nl\/connexion\/#breadcrumb\",\"itemListElement\":[{\"@type\":\"ListItem\",\"position\":1,\"name\":\"Accueil\",\"item\":\"https:\/\/www.ladessalinienne.fr\/\"},{\"@type\":\"ListItem\",\"position\":2,\"name\":\"Connexion\"}]},{\"@type\":\"WebSite\",\"@id\":\"https:\/\/www.ladessalinienne.fr\/nl\/#website\",\"url\":\"https:\/\/www.ladessalinienne.fr\/nl\/\",\"name\":\"La Dessalinienne\",\"description\":\"Tussen zee en berg\",\"publisher\":{\"@id\":\"https:\/\/www.ladessalinienne.fr\/nl\/#organization\"},\"potentialAction\":[{\"@type\":\"SearchAction\",\"target\":{\"@type\":\"EntryPoint\",\"urlTemplate\":\"https:\/\/www.ladessalinienne.fr\/nl\/?s={search_term_string}\"},\"query-input\":{\"@type\":\"PropertyValueSpecification\",\"valueRequired\":true,\"valueName\":\"search_term_string\"}}],\"inLanguage\":\"nl-BE\"},{\"@type\":\"Organization\",\"@id\":\"https:\/\/www.ladessalinienne.fr\/nl\/#organization\",\"name\":\"La Dessalinienne\",\"url\":\"https:\/\/www.ladessalinienne.fr\/nl\/\",\"logo\":{\"@type\":\"ImageObject\",\"inLanguage\":\"nl-BE\",\"@id\":\"https:\/\/www.ladessalinienne.fr\/nl\/#\/schema\/logo\/image\/\",\"url\":\"https:\/\/www.ladessalinienne.fr\/wp-content\/uploads\/2023\/05\/logo_rond.png\",\"contentUrl\":\"https:\/\/www.ladessalinienne.fr\/wp-content\/uploads\/2023\/05\/logo_rond.png\",\"width\":673,\"height\":674,\"caption\":\"La Dessalinienne\"},\"image\":{\"@id\":\"https:\/\/www.ladessalinienne.fr\/nl\/#\/schema\/logo\/image\/\"},\"sameAs\":[\"https:\/\/www.facebook.com\/La.Dessalinienne.83340\/\",\"https:\/\/www.instagram.com\/ladessaliniennevar\/\",\"https:\/\/www.strava.com\/clubs\/1182649\"]}]}<\/script>\n<!-- \/ Yoast SEO plugin. -->","yoast_head_json":{"title":"Connexion","description":"L'espace privatif est r\u00e9serv\u00e9 \u00e0 nos locataires. Il donne acc\u00e8s \u00e0 l'int\u00e9gralit\u00e9 du catalogue de traces v\u00e9lo et randonn\u00e9e.\u00a0 Si nous vous avons transmis des donn\u00e9es de connexion, merci de compl\u00e9ter le formulaire ci-dessous. [wpmem_form login redirect_to=\"http:\/\/www.ladessalinienne.fr\/catalogue\"]","robots":{"index":"index","follow":"follow","max-snippet":"max-snippet:-1","max-image-preview":"max-image-preview:large","max-video-preview":"max-video-preview:-1"},"canonical":"L'espace privatif est r\u00e9serv\u00e9 \u00e0 nos locataires. Il donne acc\u00e8s \u00e0 l'int\u00e9gralit\u00e9 du catalogue de traces v\u00e9lo et randonn\u00e9e.\u00a0 Si nous vous avons transmis des donn\u00e9es de connexion, merci de compl\u00e9ter le formulaire ci-dessous. [wpmem_form login redirect_to=\"http:\/\/www.ladessalinienne.fr\/catalogue\"]","og_locale":"nl_BE","og_type":"article","og_title":"Connexion","og_description":"L'espace privatif est r\u00e9serv\u00e9 \u00e0 nos locataires. Il donne acc\u00e8s \u00e0 l'int\u00e9gralit\u00e9 du catalogue de traces v\u00e9lo et randonn\u00e9e.\u00a0 Si nous vous avons transmis des donn\u00e9es de connexion, merci de compl\u00e9ter le formulaire ci-dessous. [wpmem_form login redirect_to=\"http:\/\/www.ladessalinienne.fr\/catalogue\"]","og_url":"https:\/\/www.ladessalinienne.fr\/nl\/connexion\/","og_site_name":"La Dessalinienne","article_publisher":"https:\/\/www.facebook.com\/La.Dessalinienne.83340\/","article_modified_time":"2023-10-30T09:45:35+00:00","twitter_card":"summary_large_image","schema":{"@context":"https:\/\/schema.org","@graph":[{"@type":"WebPage","@id":"https:\/\/www.ladessalinienne.fr\/nl\/connexion\/","url":"https:\/\/www.ladessalinienne.fr\/nl\/connexion\/","name":"Connexion - La Dessalinienne","isPartOf":{"@id":"https:\/\/www.ladessalinienne.fr\/#website"},"datePublished":"2023-06-26T04:56:37+00:00","dateModified":"2023-10-30T09:45:35+00:00","breadcrumb":{"@id":"https:\/\/www.ladessalinienne.fr\/nl\/connexion\/#breadcrumb"},"inLanguage":"nl-BE","potentialAction":[{"@type":"ReadAction","target":["https:\/\/www.ladessalinienne.fr\/nl\/connexion\/"]}]},{"@type":"BreadcrumbList","@id":"https:\/\/www.ladessalinienne.fr\/nl\/connexion\/#breadcrumb","itemListElement":[{"@type":"ListItem","position":1,"name":"Accueil","item":"https:\/\/www.ladessalinienne.fr\/"},{"@type":"ListItem","position":2,"name":"Connexion"}]},{"@type":"WebSite","@id":"https:\/\/www.ladessalinienne.fr\/nl\/#website","url":"https:\/\/www.ladessalinienne.fr\/nl\/","name":"La Dessalinienne","description":"Tussen zee en berg","publisher":{"@id":"https:\/\/www.ladessalinienne.fr\/nl\/#organization"},"potentialAction":[{"@type":"SearchAction","target":{"@type":"EntryPoint","urlTemplate":"https:\/\/www.ladessalinienne.fr\/nl\/?s={search_term_string}"},"query-input":{"@type":"PropertyValueSpecification","valueRequired":true,"valueName":"search_term_string"}}],"inLanguage":"nl-BE"},{"@type":"Organization","@id":"https:\/\/www.ladessalinienne.fr\/nl\/#organization","name":"La Dessalinienne","url":"https:\/\/www.ladessalinienne.fr\/nl\/","logo":{"@type":"ImageObject","inLanguage":"nl-BE","@id":"https:\/\/www.ladessalinienne.fr\/nl\/#\/schema\/logo\/image\/","url":"https:\/\/www.ladessalinienne.fr\/wp-content\/uploads\/2023\/05\/logo_rond.png","contentUrl":"https:\/\/www.ladessalinienne.fr\/wp-content\/uploads\/2023\/05\/logo_rond.png","width":673,"height":674,"caption":"La Dessalinienne"},"image":{"@id":"https:\/\/www.ladessalinienne.fr\/nl\/#\/schema\/logo\/image\/"},"sameAs":["https:\/\/www.facebook.com\/La.Dessalinienne.83340\/","https:\/\/www.instagram.com\/ladessaliniennevar\/","https:\/\/www.strava.com\/clubs\/1182649"]}]}},"_links":{"self":[{"href":"https:\/\/www.ladessalinienne.fr\/nl\/wp-json\/wp\/v2\/pages\/2038","targetHints":{"allow":["GET"]}}],"collection":[{"href":"https:\/\/www.ladessalinienne.fr\/nl\/wp-json\/wp\/v2\/pages"}],"about":[{"href":"https:\/\/www.ladessalinienne.fr\/nl\/wp-json\/wp\/v2\/types\/page"}],"author":[{"embeddable":true,"href":"https:\/\/www.ladessalinienne.fr\/nl\/wp-json\/wp\/v2\/users\/1"}],"replies":[{"embeddable":true,"href":"https:\/\/www.ladessalinienne.fr\/nl\/wp-json\/wp\/v2\/comments?post=2038"}],"version-history":[{"count":9,"href":"https:\/\/www.ladessalinienne.fr\/nl\/wp-json\/wp\/v2\/pages\/2038\/revisions"}],"predecessor-version":[{"id":4160,"href":"https:\/\/www.ladessalinienne.fr\/nl\/wp-json\/wp\/v2\/pages\/2038\/revisions\/4160"}],"wp:attachment":[{"href":"https:\/\/www.ladessalinienne.fr\/nl\/wp-json\/wp\/v2\/media?parent=2038"}],"curies":[{"name":"wp","href":"https:\/\/api.w.org\/{rel}","templated":true}]}}