{"id":2324,"date":"2023-07-02T14:32:11","date_gmt":"2023-07-02T14:32:11","guid":{"rendered":"https:\/\/www.ladessalinienne.fr\/?page_id=2324"},"modified":"2023-10-22T12:51:18","modified_gmt":"2023-10-22T12:51:18","slug":"la-gazette","status":"publish","type":"page","link":"https:\/\/www.ladessalinienne.fr\/nl\/la-gazette\/","title":{"rendered":"La Gazette"},"content":{"rendered":"<div>La Gazette<\/div>\n<h1>Retrouvez ici les actualit\u00e9s de la villa<\/h1>\n<ul>\n<li>\n<p>        <img decoding=\"async\" src=\"\/wp-content\/uploads\/2023\/07\/ladessalinienne_site.png\" alt=\"\"><\/p>\n<h2>Notre site est en ligne<\/h2>\n<p>27 octobre 2023<\/p>\n<div>\n<p>Est n\u00e9e l\u2019envie de partager notre passion pour la r\u00e9gion et ses chemins de traverse. Nous avons muri le concept, rassembl\u00e9 nos souvenirs et nos projets et vous les proposons ici avant de vous les faire vivre l\u00e0-bas.<\/p>\n<\/div>\n<\/li>\n<li>\n<p>        <img decoding=\"async\" src=\"\/wp-content\/uploads\/2023\/07\/agenda.jpg\" alt=\"\"><\/p>\n<h2>Les r\u00e9servations sont ouvertes<\/h2>\n<p>27 octobre 2023<\/p>\n<div>\n<p>La saison 2024 offrira des plages de location bien plus \u00e9tendues que par le pass\u00e9. La randonn\u00e9e et le cyclisme se pratiquant aussi et surtout en dehors des mois estivaux.<\/p>\n<\/div>\n<\/li>\n<li>\n<p>        <img decoding=\"async\" src=\"\/wp-content\/uploads\/2023\/07\/clim.jpg\" alt=\"\"><\/p>\n<h2>Installation de la climatisation<\/h2>\n<p>01 avril 2023<\/p>\n<div>\n<p>En avril 2023, malgr\u00e9 nos r\u00e9ticences li\u00e9es \u00e0 nos convictions envirronementales, nous avons install\u00e9 la climatisation dans toutes les chambres de la maison.<\/p>\n<\/div>\n<\/li>\n<\/ul>\n<p><!--more--><br \/>\n<!-- {\"type\":\"layout\",\"children\":[{\"type\":\"section\",\"props\":{\"header_transparent\":\"light\",\"header_transparent_noplaceholder\":true,\"height\":\"percent\",\"image\":\"http:\\\/\\\/www.ladessalinienne.fr\\\/wp-content\\\/uploads\\\/2023\\\/07\\\/ladessalinienne_banner_gazette.jpg\",\"image_effect\":\"parallax\",\"image_loading\":true,\"image_parallax_bgy\":\"-5vh,4vh\",\"image_parallax_easing\":\"1\",\"image_position\":\"center-center\",\"image_size\":\"cover\",\"image_width\":\"2560\",\"media_background\":\"#0D536D\",\"media_blend_mode\":\"multiply\",\"padding\":\"large\",\"style\":\"default\",\"text_color\":\"light\",\"title_breakpoint\":\"xl\",\"title_position\":\"top-left\",\"title_rotation\":\"left\",\"vertical_align\":\"bottom\",\"video_width\":\"2560\",\"width\":\"large\"},\"children\":[{\"type\":\"row\",\"props\":{\"margin\":\"remove-vertical\"},\"children\":[{\"type\":\"column\",\"props\":{\"image_position\":\"center-center\",\"position_sticky_breakpoint\":\"m\",\"vertical_align\":\"bottom\",\"width_medium\":\"1-1\"},\"children\":[{\"type\":\"headline\",\"props\":{\"content\":\"La Gazette\",\"margin\":\"default\",\"text_align\":\"center\",\"title_element\":\"div\",\"title_font_family\":\"tertiary\",\"title_style\":\"h3\"}},{\"type\":\"headline\",\"props\":{\"block_align\":\"center\",\"content\":\"Retrouvez ici les actualit\\u00e9s de la villa\",\"content_en_gb\":\"Find here the news of the villa\",\"content_nl_be\":\"Vind hier het nieuws van de villa\",\"margin_remove_top\":true,\"text_align\":\"center\",\"title_element\":\"h1\",\"title_style\":\"heading-medium\"}}]}]}],\"name\":\"Intro Post\"},{\"type\":\"section\",\"props\":{\"image_position\":\"center-center\",\"status\":\"disabled\",\"style\":\"default\",\"title_breakpoint\":\"xl\",\"title_position\":\"top-left\",\"title_rotation\":\"left\",\"vertical_align\":\"middle\",\"width\":\"large\"},\"children\":[{\"type\":\"row\",\"children\":[{\"type\":\"column\",\"props\":{\"image_position\":\"center-center\",\"position_sticky_breakpoint\":\"m\"},\"children\":[{\"type\":\"grid\",\"props\":{\"content_column_breakpoint\":\"m\",\"filter\":true,\"filter_align\":\"left\",\"filter_all\":true,\"filter_all_label\":\"Tout\",\"filter_grid_breakpoint\":\"m\",\"filter_grid_width\":\"auto\",\"filter_position\":\"top\",\"filter_style\":\"tab\",\"grid_column_gap\":\"large\",\"grid_default\":\"1\",\"grid_medium\":\"2\",\"grid_row_gap\":\"large\",\"icon_width\":80,\"image_align\":\"top\",\"image_grid_breakpoint\":\"m\",\"image_grid_width\":\"1-2\",\"image_link\":true,\"image_svg_color\":\"emphasis\",\"image_width\":\"900\",\"item_animation\":true,\"link_margin\":\"medium\",\"link_style\":\"default\",\"link_text\":\"Read More\",\"margin\":\"default\",\"meta_align\":\"below-title\",\"meta_element\":\"div\",\"meta_style\":\"text-meta\",\"parallax_easing\":\"1\",\"show_content\":true,\"show_image\":true,\"show_link\":true,\"show_meta\":true,\"show_title\":true,\"title_align\":\"top\",\"title_element\":\"h2\",\"title_grid_breakpoint\":\"m\",\"title_grid_width\":\"1-2\",\"title_hover_style\":\"reset\",\"title_link\":true,\"title_margin\":\"medium\"},\"children\":[{\"type\":\"grid_item\",\"props\":{\"content\":\"Lorem ipsum dolor sit amet, consectetuer adipiscing elit, sed diam nonummy nibh euismod tincidunt ut laoreet dolore magna aliquam erat volutpat. Ut wisi enim ad minim veniam, quis nostrud exerci tation ullamcorper suscipit lobortis nisl ut aliquip...\",\"image\":\"wp-content\\\/uploads\\\/2023\\\/06\\\/catalogue_banner.png\",\"item_element\":\"article\",\"meta\":\"14 octobre 2023\",\"status\":\"disabled\",\"tags\":\"Parcours\",\"title\":\"Nouveau parcours gravel 72km\",\"title_en_gb\":\"New gravel course 72km\",\"title_nl_be\":\"Nieuwe gravelbaan 72km\"}},{\"type\":\"grid_item\",\"props\":{\"content\":\"Est n\\u00e9e l'envie de partager notre passion pour la r\\u00e9gion et ses chemins de traverse.  Nous avons muri le concept, rassembl\\u00e9 nos souvenirs et nos projets et vous les proposons ici avant de vous les faire vivre l\\u00e0-bas.\",\"image\":\"wp-content\\\/uploads\\\/2023\\\/07\\\/ladessalinienne_site.png\",\"item_element\":\"article\",\"meta\":\"27 octobre 2023\",\"tags\":\"News\",\"title\":\"Notre site est en ligne\",\"title_en_gb\":\"Our site is online\",\"title_nl_be\":\"Onze site is online\"}},{\"type\":\"grid_item\",\"props\":{\"content\":\"La saison 2024 offrira des plages de location bien plus \\u00e9tendues que pas le pass\\u00e9.  La randonn\\u00e9e et le cyclisme se pratiquant aussi et surtout en dehors des mois estivaux torides.\",\"image\":\"wp-content\\\/uploads\\\/2023\\\/07\\\/agenda.jpg\",\"item_element\":\"article\",\"meta\":\"18 septembre 2023\",\"tags\":\"Villa\",\"title\":\"Les r\\u00e9servations sont ouvertes\",\"title_en_gb\":\"Reservations are open\",\"title_nl_be\":\"Reserveringen zijn geopend\"}},{\"type\":\"grid_item\",\"props\":{\"content\":\"En avril 2023, malgr\\u00e9 nos r\\u00e9ticences li\\u00e9es \\u00e0 nos convictions envirronementales, nous avons install\\u00e9 la climatisation dans toutes les chambres de la maison.  Il devenait difficile de s\\u00e9journer \\u00e0 l'\\u00e9tage en plein \\u00e9t\\u00e9.\",\"image\":\"wp-content\\\/uploads\\\/2023\\\/07\\\/clim.jpg\",\"item_element\":\"article\",\"meta\":\"01 avril 2023\",\"tags\":\"Villa\",\"title\":\"Installation de la climatisation\",\"title_en_gb\":\"Installation of air conditioning\",\"title_nl_be\":\"Installatie van airconditioning\"}}]}]}]}],\"name\":\"Posts\"},{\"type\":\"section\",\"props\":{\"image_position\":\"center-center\",\"padding\":\"none\",\"padding_remove_bottom\":false,\"padding_remove_horizontal\":true,\"style\":\"default\",\"title_breakpoint\":\"xl\",\"title_position\":\"top-left\",\"title_rotation\":\"left\",\"vertical_align\":\"middle\",\"width\":\"xlarge\",\"width_expand\":\"left\"},\"children\":[{\"type\":\"row\",\"children\":[{\"type\":\"column\",\"props\":{\"image_position\":\"center-center\",\"position_sticky_breakpoint\":\"m\"}}]},{\"type\":\"row\",\"children\":[{\"type\":\"column\",\"props\":{\"image_position\":\"center-center\",\"position_sticky_breakpoint\":\"m\"},\"children\":[{\"type\":\"grid\",\"props\":{\"content_column_breakpoint\":\"m\",\"filter\":true,\"filter_align\":\"left\",\"filter_all\":true,\"filter_all_label\":\"Tout\",\"filter_grid_breakpoint\":\"m\",\"filter_grid_width\":\"auto\",\"filter_position\":\"top\",\"filter_style\":\"tab\",\"grid_column_gap\":\"small\",\"grid_default\":\"1\",\"grid_medium\":\"\",\"grid_row_gap\":\"small\",\"icon_width\":80,\"image_align\":\"left\",\"image_grid_breakpoint\":\"l\",\"image_grid_width\":\"2-3\",\"image_link\":true,\"image_svg_color\":\"emphasis\",\"image_vertical_align\":true,\"image_width\":\"1400\",\"item_animation\":true,\"link_margin\":\"large\",\"link_style\":\"text\",\"link_text\":\"Continue Reading\",\"margin\":\"default\",\"meta_align\":\"above-title\",\"meta_element\":\"div\",\"meta_style\":\"text-meta\",\"panel_padding\":\"default\",\"parallax_easing\":\"1\",\"show_content\":true,\"show_image\":true,\"show_link\":true,\"show_meta\":true,\"show_title\":true,\"title_align\":\"top\",\"title_element\":\"h2\",\"title_grid_breakpoint\":\"m\",\"title_grid_width\":\"1-2\",\"title_hover_style\":\"reset\",\"title_link\":true,\"title_margin\":\"small\",\"title_style\":\"h1\"},\"children\":[{\"type\":\"grid_item\",\"props\":{\"content\":\"\n\n<p>Est n\\u00e9e l\\u2019envie de partager notre passion pour la r\\u00e9gion et ses chemins de traverse. Nous avons muri le concept, rassembl\\u00e9 nos souvenirs et nos projets et vous les proposons ici avant de vous les faire vivre l\\u00e0-bas.<\\\/p>\",\"content_en_gb\":\"\n\n<p>The desire to share our passion for the region and its paths was born. We have matured the concept, gathered our memories and our projects and offer them to you here before bringing them to life there.<\\\/p>\",\"content_nl_be\":\"\n\n<p>De wens om onze passie voor de regio en haar paden te delen was geboren. We hebben het concept volwassener gemaakt, onze herinneringen en onze projecten verzameld en u hier aangeboden voordat we ze daar tot leven brengen.<\\\/p>\",\"image\":\"wp-content\\\/uploads\\\/2023\\\/07\\\/ladessalinienne_site.png\",\"item_element\":\"article\",\"meta\":\"27 octobre 2023\",\"meta_en_gb\":\"27 october 2023\",\"meta_nl_be\":\"27 oktober 2023\",\"tags\":\"News, Villa\",\"title\":\"Notre site est en ligne\",\"title_en_gb\":\"Our site is online\",\"title_nl_be\":\"Onze site staat online\"}},{\"type\":\"grid_item\",\"props\":{\"content\":\"\n\n<p>La saison 2024 offrira des plages de location bien plus \\u00e9tendues que par le pass\\u00e9. La randonn\\u00e9e et le cyclisme se pratiquant aussi et surtout en dehors des mois estivaux.<\\\/p>\",\"content_en_gb\":\"\n\n<p>The 2024 season will offer much wider rental ranges than in the past. Hiking and cycling are also and especially practiced outside the summer months.<\\\/p>\",\"content_nl_be\":\"\n\n<p>Het seizoen 2024 zal een veel breder verhuuraanbod bieden dan in het verleden. Wandelen en fietsen worden ook en vooral buiten de zomermaanden beoefend.<\\\/p>\",\"image\":\"wp-content\\\/uploads\\\/2023\\\/07\\\/agenda.jpg\",\"item_element\":\"article\",\"meta\":\"27 octobre 2023\",\"meta_en_gb\":\"27 october 2023\",\"meta_nl_be\":\"27 oktober 2023\",\"tags\":\"News, Villa\",\"title\":\"Les r\\u00e9servations sont ouvertes\",\"title_en_gb\":\"Reservations are open\",\"title_nl_be\":\"Reserveringen zijn geopend\"}},{\"type\":\"grid_item\",\"props\":{\"content\":\"\n\n<p>En avril 2023, malgr\\u00e9 nos r\\u00e9ticences li\\u00e9es \\u00e0 nos convictions envirronementales, nous avons install\\u00e9 la climatisation dans toutes les chambres de la maison.<\\\/p>\",\"content_en_gb\":\"\n\n<p>In April 2023, despite our reluctance linked to our environmental convictions, we installed air conditioning in all the rooms in the house.<\\\/p>\",\"content_nl_be\":\"\n\n<p>In april 2023 hebben we, ondanks onze terughoudendheid in verband met onze milieuovertuigingen, airconditioning ge\\u00efnstalleerd in alle kamers van het huis.<\\\/p>\",\"image\":\"wp-content\\\/uploads\\\/2023\\\/07\\\/clim.jpg\",\"item_element\":\"article\",\"meta\":\"01 avril 2023\",\"meta_en_gb\":\"01 april 2023\",\"meta_nl_be\":\"01 april 2023\",\"tags\":\"News, Villa\",\"title\":\"Installation de la climatisation\",\"title_en_gb\":\"Installation of air conditioning\",\"title_nl_be\":\"Installatie van airconditioning\"}}]}]}]}],\"name\":\"Posts\"}],\"version\":\"4.0.13\"} --><\/p>\n","protected":false},"excerpt":{"rendered":"<p>La Gazette Retrouvez ici les actualit\u00e9s de la villa Notre site est en ligne 27 octobre 2023 Est n\u00e9e l\u2019envie de partager notre passion pour la r\u00e9gion et ses chemins de traverse. Nous avons muri le concept, rassembl\u00e9 nos souvenirs et nos projets et vous les proposons ici avant de vous les faire vivre l\u00e0-bas. [&hellip;]<\/p>\n","protected":false},"author":1,"featured_media":0,"parent":0,"menu_order":0,"comment_status":"closed","ping_status":"closed","template":"","meta":{"_acf_changed":false,"footnotes":""},"class_list":["post-2324","page","type-page","status-publish","hentry"],"acf":[],"yoast_head":"<!-- This site is optimized with the Yoast SEO plugin v26.9 - https:\/\/yoast.com\/product\/yoast-seo-wordpress\/ -->\n<title>La Gazette<\/title>\n<meta name=\"description\" content=\"La Gazette Retrouvez ici les actualit\u00e9s de la villa Notre site est en ligne 27 octobre 2023 Est n\u00e9e l\u2019envie de partager notre passion pour la r\u00e9gion et ses chemins de traverse. Nous avons muri le concept, rassembl\u00e9 nos souvenirs et nos projets et vous les proposons ici avant de vous les faire vivre l\u00e0-bas.&hellip;\" \/>\n<meta name=\"robots\" content=\"index, follow, max-snippet:-1, max-image-preview:large, max-video-preview:-1\" \/>\n<link rel=\"canonical\" href=\"http:\/\/La%20Gazette%20Retrouvez%20ici%20les%20actualit\u00e9s%20de%20la%20villa%20Notre%20site%20est%20en%20ligne%2027%20octobre%202023%20Est%20n\u00e9e%20l\u2019envie%20de%20partager%20notre%20passion%20pour%20la%20r\u00e9gion%20et%20ses%20chemins%20de%20traverse.%20Nous%20avons%20muri%20le%20concept,%20rassembl\u00e9%20nos%20souvenirs%20et%20nos%20projets%20et%20vous%20les%20proposons%20ici%20avant%20de%20vous%20les%20faire%20vivre%20l\u00e0-bas.&hellip;\" \/>\n<meta property=\"og:locale\" content=\"nl_BE\" \/>\n<meta property=\"og:type\" content=\"article\" \/>\n<meta property=\"og:title\" content=\"La Gazette\" \/>\n<meta property=\"og:description\" content=\"La Gazette Retrouvez ici les actualit\u00e9s de la villa Notre site est en ligne 27 octobre 2023 Est n\u00e9e l\u2019envie de partager notre passion pour la r\u00e9gion et ses chemins de traverse. Nous avons muri le concept, rassembl\u00e9 nos souvenirs et nos projets et vous les proposons ici avant de vous les faire vivre l\u00e0-bas.&hellip;\" \/>\n<meta property=\"og:url\" content=\"https:\/\/www.ladessalinienne.fr\/nl\/la-gazette\/\" \/>\n<meta property=\"og:site_name\" content=\"La Dessalinienne\" \/>\n<meta property=\"article:publisher\" content=\"https:\/\/www.facebook.com\/La.Dessalinienne.83340\/\" \/>\n<meta property=\"article:modified_time\" content=\"2023-10-22T12:51:18+00:00\" \/>\n<meta name=\"twitter:card\" content=\"summary_large_image\" \/>\n<meta name=\"twitter:label1\" content=\"Geschatte leestijd\" \/>\n\t<meta name=\"twitter:data1\" content=\"1 minuut\" \/>\n<script type=\"application\/ld+json\" class=\"yoast-schema-graph\">{\"@context\":\"https:\/\/schema.org\",\"@graph\":[{\"@type\":\"WebPage\",\"@id\":\"https:\/\/www.ladessalinienne.fr\/nl\/la-gazette\/\",\"url\":\"https:\/\/www.ladessalinienne.fr\/nl\/la-gazette\/\",\"name\":\"La Gazette - La Dessalinienne\",\"isPartOf\":{\"@id\":\"https:\/\/www.ladessalinienne.fr\/#website\"},\"datePublished\":\"2023-07-02T14:32:11+00:00\",\"dateModified\":\"2023-10-22T12:51:18+00:00\",\"breadcrumb\":{\"@id\":\"https:\/\/www.ladessalinienne.fr\/nl\/la-gazette\/#breadcrumb\"},\"inLanguage\":\"nl-BE\",\"potentialAction\":[{\"@type\":\"ReadAction\",\"target\":[\"https:\/\/www.ladessalinienne.fr\/nl\/la-gazette\/\"]}]},{\"@type\":\"BreadcrumbList\",\"@id\":\"https:\/\/www.ladessalinienne.fr\/nl\/la-gazette\/#breadcrumb\",\"itemListElement\":[{\"@type\":\"ListItem\",\"position\":1,\"name\":\"Accueil\",\"item\":\"https:\/\/www.ladessalinienne.fr\/\"},{\"@type\":\"ListItem\",\"position\":2,\"name\":\"La Gazette\"}]},{\"@type\":\"WebSite\",\"@id\":\"https:\/\/www.ladessalinienne.fr\/nl\/#website\",\"url\":\"https:\/\/www.ladessalinienne.fr\/nl\/\",\"name\":\"La Dessalinienne\",\"description\":\"Tussen zee en berg\",\"publisher\":{\"@id\":\"https:\/\/www.ladessalinienne.fr\/nl\/#organization\"},\"potentialAction\":[{\"@type\":\"SearchAction\",\"target\":{\"@type\":\"EntryPoint\",\"urlTemplate\":\"https:\/\/www.ladessalinienne.fr\/nl\/?s={search_term_string}\"},\"query-input\":{\"@type\":\"PropertyValueSpecification\",\"valueRequired\":true,\"valueName\":\"search_term_string\"}}],\"inLanguage\":\"nl-BE\"},{\"@type\":\"Organization\",\"@id\":\"https:\/\/www.ladessalinienne.fr\/nl\/#organization\",\"name\":\"La Dessalinienne\",\"url\":\"https:\/\/www.ladessalinienne.fr\/nl\/\",\"logo\":{\"@type\":\"ImageObject\",\"inLanguage\":\"nl-BE\",\"@id\":\"https:\/\/www.ladessalinienne.fr\/nl\/#\/schema\/logo\/image\/\",\"url\":\"https:\/\/www.ladessalinienne.fr\/wp-content\/uploads\/2023\/05\/logo_rond.png\",\"contentUrl\":\"https:\/\/www.ladessalinienne.fr\/wp-content\/uploads\/2023\/05\/logo_rond.png\",\"width\":673,\"height\":674,\"caption\":\"La Dessalinienne\"},\"image\":{\"@id\":\"https:\/\/www.ladessalinienne.fr\/nl\/#\/schema\/logo\/image\/\"},\"sameAs\":[\"https:\/\/www.facebook.com\/La.Dessalinienne.83340\/\",\"https:\/\/www.instagram.com\/ladessaliniennevar\/\",\"https:\/\/www.strava.com\/clubs\/1182649\"]}]}<\/script>\n<!-- \/ Yoast SEO plugin. -->","yoast_head_json":{"title":"La Gazette","description":"La Gazette Retrouvez ici les actualit\u00e9s de la villa Notre site est en ligne 27 octobre 2023 Est n\u00e9e l\u2019envie de partager notre passion pour la r\u00e9gion et ses chemins de traverse. Nous avons muri le concept, rassembl\u00e9 nos souvenirs et nos projets et vous les proposons ici avant de vous les faire vivre l\u00e0-bas.&hellip;","robots":{"index":"index","follow":"follow","max-snippet":"max-snippet:-1","max-image-preview":"max-image-preview:large","max-video-preview":"max-video-preview:-1"},"canonical":"La Gazette Retrouvez ici les actualit\u00e9s de la villa Notre site est en ligne 27 octobre 2023 Est n\u00e9e l\u2019envie de partager notre passion pour la r\u00e9gion et ses chemins de traverse. Nous avons muri le concept, rassembl\u00e9 nos souvenirs et nos projets et vous les proposons ici avant de vous les faire vivre l\u00e0-bas.&hellip;","og_locale":"nl_BE","og_type":"article","og_title":"La Gazette","og_description":"La Gazette Retrouvez ici les actualit\u00e9s de la villa Notre site est en ligne 27 octobre 2023 Est n\u00e9e l\u2019envie de partager notre passion pour la r\u00e9gion et ses chemins de traverse. Nous avons muri le concept, rassembl\u00e9 nos souvenirs et nos projets et vous les proposons ici avant de vous les faire vivre l\u00e0-bas.&hellip;","og_url":"https:\/\/www.ladessalinienne.fr\/nl\/la-gazette\/","og_site_name":"La Dessalinienne","article_publisher":"https:\/\/www.facebook.com\/La.Dessalinienne.83340\/","article_modified_time":"2023-10-22T12:51:18+00:00","twitter_card":"summary_large_image","twitter_misc":{"Geschatte leestijd":"1 minuut"},"schema":{"@context":"https:\/\/schema.org","@graph":[{"@type":"WebPage","@id":"https:\/\/www.ladessalinienne.fr\/nl\/la-gazette\/","url":"https:\/\/www.ladessalinienne.fr\/nl\/la-gazette\/","name":"La Gazette - La Dessalinienne","isPartOf":{"@id":"https:\/\/www.ladessalinienne.fr\/#website"},"datePublished":"2023-07-02T14:32:11+00:00","dateModified":"2023-10-22T12:51:18+00:00","breadcrumb":{"@id":"https:\/\/www.ladessalinienne.fr\/nl\/la-gazette\/#breadcrumb"},"inLanguage":"nl-BE","potentialAction":[{"@type":"ReadAction","target":["https:\/\/www.ladessalinienne.fr\/nl\/la-gazette\/"]}]},{"@type":"BreadcrumbList","@id":"https:\/\/www.ladessalinienne.fr\/nl\/la-gazette\/#breadcrumb","itemListElement":[{"@type":"ListItem","position":1,"name":"Accueil","item":"https:\/\/www.ladessalinienne.fr\/"},{"@type":"ListItem","position":2,"name":"La Gazette"}]},{"@type":"WebSite","@id":"https:\/\/www.ladessalinienne.fr\/nl\/#website","url":"https:\/\/www.ladessalinienne.fr\/nl\/","name":"La Dessalinienne","description":"Tussen zee en berg","publisher":{"@id":"https:\/\/www.ladessalinienne.fr\/nl\/#organization"},"potentialAction":[{"@type":"SearchAction","target":{"@type":"EntryPoint","urlTemplate":"https:\/\/www.ladessalinienne.fr\/nl\/?s={search_term_string}"},"query-input":{"@type":"PropertyValueSpecification","valueRequired":true,"valueName":"search_term_string"}}],"inLanguage":"nl-BE"},{"@type":"Organization","@id":"https:\/\/www.ladessalinienne.fr\/nl\/#organization","name":"La Dessalinienne","url":"https:\/\/www.ladessalinienne.fr\/nl\/","logo":{"@type":"ImageObject","inLanguage":"nl-BE","@id":"https:\/\/www.ladessalinienne.fr\/nl\/#\/schema\/logo\/image\/","url":"https:\/\/www.ladessalinienne.fr\/wp-content\/uploads\/2023\/05\/logo_rond.png","contentUrl":"https:\/\/www.ladessalinienne.fr\/wp-content\/uploads\/2023\/05\/logo_rond.png","width":673,"height":674,"caption":"La Dessalinienne"},"image":{"@id":"https:\/\/www.ladessalinienne.fr\/nl\/#\/schema\/logo\/image\/"},"sameAs":["https:\/\/www.facebook.com\/La.Dessalinienne.83340\/","https:\/\/www.instagram.com\/ladessaliniennevar\/","https:\/\/www.strava.com\/clubs\/1182649"]}]}},"_links":{"self":[{"href":"https:\/\/www.ladessalinienne.fr\/nl\/wp-json\/wp\/v2\/pages\/2324","targetHints":{"allow":["GET"]}}],"collection":[{"href":"https:\/\/www.ladessalinienne.fr\/nl\/wp-json\/wp\/v2\/pages"}],"about":[{"href":"https:\/\/www.ladessalinienne.fr\/nl\/wp-json\/wp\/v2\/types\/page"}],"author":[{"embeddable":true,"href":"https:\/\/www.ladessalinienne.fr\/nl\/wp-json\/wp\/v2\/users\/1"}],"replies":[{"embeddable":true,"href":"https:\/\/www.ladessalinienne.fr\/nl\/wp-json\/wp\/v2\/comments?post=2324"}],"version-history":[{"count":57,"href":"https:\/\/www.ladessalinienne.fr\/nl\/wp-json\/wp\/v2\/pages\/2324\/revisions"}],"predecessor-version":[{"id":3889,"href":"https:\/\/www.ladessalinienne.fr\/nl\/wp-json\/wp\/v2\/pages\/2324\/revisions\/3889"}],"wp:attachment":[{"href":"https:\/\/www.ladessalinienne.fr\/nl\/wp-json\/wp\/v2\/media?parent=2324"}],"curies":[{"name":"wp","href":"https:\/\/api.w.org\/{rel}","templated":true}]}}